{"id":1426,"date":"2023-05-26T15:02:42","date_gmt":"2023-05-26T18:02:42","guid":{"rendered":"https:\/\/bcparadiseh.com\/?page_id=1426"},"modified":"2023-05-26T15:13:06","modified_gmt":"2023-05-26T18:13:06","slug":"limar","status":"publish","type":"page","link":"https:\/\/bcparadiseh.com\/index.php\/limar\/","title":{"rendered":"Limar"},"content":{"rendered":"\n<div class=\"wp-block-uagb-advanced-heading uagb-block-a23ac6a0 uag-hide-mob\" id=\"balcamboriu\"><h2 class=\"uagb-heading-text\">LIMAR<\/h2><div class=\"uagb-separator\"><\/div><\/div>\n\n\n\n<div class=\"wp-block-uagb-image aligncenter uagb-block-ea38c825 wp-block-uagb-image--layout-default wp-block-uagb-image--effect-static wp-block-uagb-image--align-center\"><figure class=\"wp-block-uagb-image__figure\"><img decoding=\"async\" srcset=\"https:\/\/bcparadiseh.com\/wp-content\/uploads\/2023\/04\/limar.jpg , https:\/\/bcparadiseh.com\/wp-content\/uploads\/2023\/04\/WhatsApp-Image-2023-04-27-at-18.03.18-300x225.jpeg 360w\" src=\"https:\/\/bcparadiseh.com\/wp-content\/uploads\/2023\/04\/limar.jpg\" alt=\"\" class=\"uag-image-1259\" width=\"1024\" height=\"768\" title=\"\" loading=\"lazy\"\/><\/figure><\/div>\n\n\n\n<div class=\"wp-block-uagb-advanced-heading uagb-block-1a7cc1fd\"><h2 class=\"uagb-heading-text\"><em>Tudo o que voc\u00ea precisa<\/em> para desfrutar de uma experi\u00eancia de hospedagem inesquec\u00edvel voc\u00ea encontrar\u00e1 no Residencial Limar.<\/h2><\/div>\n\n\n\n<div class=\"wp-block-uagb-icon-list uagb-block-244e9ed3\"><div class=\"uagb-icon-list__wrap\">\n<div class=\"wp-block-uagb-icon-list-child uagb-block-816cb9ad\"><span class=\"uagb-icon-list__source-wrap\"><svg xmlns=\"https:\/\/www.w3.org\/2000\/svg\" viewBox=\"0 0 576 512\"><path d=\"M408 120C408 174.6 334.9 271.9 302.8 311.1C295.1 321.6 280.9 321.6 273.2 311.1C241.1 271.9 168 174.6 168 120C168 53.73 221.7 0 288 0C354.3 0 408 53.73 408 120zM288 152C310.1 152 328 134.1 328 112C328 89.91 310.1 72 288 72C265.9 72 248 89.91 248 112C248 134.1 265.9 152 288 152zM425.6 179.8C426.1 178.6 426.6 177.4 427.1 176.1L543.1 129.7C558.9 123.4 576 135 576 152V422.8C576 432.6 570 441.4 560.9 445.1L416 503V200.4C419.5 193.5 422.7 186.7 425.6 179.8zM150.4 179.8C153.3 186.7 156.5 193.5 160 200.4V451.8L32.91 502.7C17.15 508.1 0 497.4 0 480.4V209.6C0 199.8 5.975 190.1 15.09 187.3L137.6 138.3C140 152.5 144.9 166.6 150.4 179.8H150.4zM327.8 331.1C341.7 314.6 363.5 286.3 384 255V504.3L192 449.4V255C212.5 286.3 234.3 314.6 248.2 331.1C268.7 357.6 307.3 357.6 327.8 331.1L327.8 331.1z\"><\/path><\/svg><\/span><span class=\"uagb-icon-list__label\"><em>Ingleses<\/em><\/span><\/div>\n<\/div><\/div>\n\n\n\n<p>Bem-vindos \u00e0 <em>Residencial Limar<\/em>, um o\u00e1sis de <strong><em>tranquilidade e conforto<\/em><\/strong> localizado nas belas praias de Ingleses, no norte da Ilha de Florian\u00f3polis. Apenas a 300 metros do mar, nosso residencial oferece uma experi\u00eancia de hospedagem \u00fanica e excepcional.<\/p>\n\n\n\n<p>Nossos <em><strong>apartamentos<\/strong><\/em>, de 1, 2 e 3 quartos, est\u00e3o<strong><em> 100% mobiliados e equipados<\/em><\/strong> com tudo o que voc\u00ea precisa para se sentir em casa. Desde <em>micro-ondas<\/em>, geladeira, fog\u00e3o e <em>forno<\/em> at\u00e9 um <em>churrasco<\/em>, nossa pousada tem tudo o que voc\u00ea precisa para aproveitar ao m\u00e1ximo suas f\u00e9rias.<\/p>\n\n\n\n<p>Al\u00e9m disso, oferecemos uma<em><strong> bela piscina<\/strong><\/em> para que voc\u00ea possa se refrescar e relaxar, e uma <em><strong>garagem<\/strong> <\/em>para que voc\u00ea possa estacionar seu ve\u00edculo com total tranquilidade. Nosso servi\u00e7o de <em>internet<\/em> sem fio de alta qualidade permite que voc\u00ea esteja conectado o tempo todo que desejar, e todos os nossos apartamentos possuem <em>TV<\/em> para que voc\u00ea possa desfrutar de seus programas favoritos.<\/p>\n\n\n\n<p>No Residencial Limar, nossa prioridade \u00e9 que voc\u00ea se sinta <em><strong>confort\u00e1vel<\/strong> <\/em>e aproveite ao m\u00e1ximo suas f\u00e9rias. Por isso, oferecemos um servi\u00e7o de <strong><em>lou\u00e7a<\/em> <\/strong>para que voc\u00ea possa preparar o que quiser, inclusive disponibilizamos um belo cantinho do churrasco\u2026 <\/p>\n\n\n\n<p>N\u00e3o espere mais e <em><strong>reserve <\/strong><\/em><strong><em>hoje<\/em> mesmo<\/strong> sua estadia na Pousada Limar. Garantimos uma experi\u00eancia de hospedagem \u00fanica e <em>excepcional <\/em>nas belas praias de Ingleses, no norte da Ilha de Florian\u00f3polis. Esperamos voc\u00ea de bra\u00e7os abertos!<\/p>\n\n\n\n<div class=\"wp-block-uagb-icon-list uagb-block-79ecd2e9\"><div class=\"uagb-icon-list__wrap\">\n<div class=\"wp-block-uagb-icon-list-child uagb-block-054640e4\"><span class=\"uagb-icon-list__source-wrap\"><svg xmlns=\"https:\/\/www.w3.org\/2000\/svg\" viewBox=\"0 0 576 512\"><path d=\"M192.4 320c63.38 0 54.09-39.67 95.33-40.02c42.54 .3672 31.81 40.02 95.91 40.02c39.27 0 55.72-18.41 62.21-24.83l-140.4-116.1c3.292-1.689 31.66-18.2 75.25-18.2c12.57 0 25.18 1.397 37.53 4.21l38.59 8.844c2.412 .5592 4.824 .8272 7.2 .8272c15.91 0 31.96-12.81 31.96-32.04c0-14.58-10.03-27.77-24.84-31.16l-38.59-8.844c-17.06-3.904-34.46-5.837-51.81-5.837c-120.1 0-177.4 85.87-178.1 88.02L179.1 213.3C158.1 241.3 147.4 273.8 145 307.7C157.5 315.4 174.3 320 192.4 320zM576 397c0-15.14-10.82-28.59-26.25-31.42c-48.52-8.888-45.5-29.48-69.6-29.48c-25.02 0-31.19 31.79-96.18 31.79c-48.59 0-72.72-22.06-73.38-22.62c-6.141-6.157-14.26-9.188-22.42-9.188c-24.75 0-31.59 31.81-96.2 31.81c-48.59 0-72.69-22.03-73.41-22.59c-6.125-6.157-14.3-9.245-22.46-9.245c-8.072 0-16.12 3.026-22.38 8.901c-29.01 26.25-73.75 12.54-73.75 52.08c0 16.08 12.77 32.07 31.71 32.07c9.77 0 39.65-7.34 64.26-21.84C115.5 418.8 147.4 431.1 192 431.1s76.5-13.12 96-24.66c19.53 11.53 51.47 24.59 96 24.59c44.59 0 76.56-13.09 96.06-24.62c24.71 14.57 54.74 21.83 64.24 21.83C563.2 429.1 576 413.3 576 397zM95.1 224c35.35 0 64-28.65 64-64c0-35.35-28.65-64-64-64s-64 28.65-64 64C31.1 195.3 60.65 224 95.1 224z\"><\/path><\/svg><\/span><\/div>\n\n\n\n<div class=\"wp-block-uagb-icon-list-child uagb-block-5fabc883\"><span class=\"uagb-icon-list__source-wrap\"><svg xmlns=\"https:\/\/www.w3.org\/2000\/svg\" viewBox=\"0 0 512 512\"><path d=\"M39.61 196.8L74.8 96.29C88.27 57.78 124.6 32 165.4 32H346.6C387.4 32 423.7 57.78 437.2 96.29L472.4 196.8C495.6 206.4 512 229.3 512 256V448C512 465.7 497.7 480 480 480H448C430.3 480 416 465.7 416 448V400H96V448C96 465.7 81.67 480 64 480H32C14.33 480 0 465.7 0 448V256C0 229.3 16.36 206.4 39.61 196.8V196.8zM109.1 192H402.9L376.8 117.4C372.3 104.6 360.2 96 346.6 96H165.4C151.8 96 139.7 104.6 135.2 117.4L109.1 192zM96 256C78.33 256 64 270.3 64 288C64 305.7 78.33 320 96 320C113.7 320 128 305.7 128 288C128 270.3 113.7 256 96 256zM416 320C433.7 320 448 305.7 448 288C448 270.3 433.7 256 416 256C398.3 256 384 270.3 384 288C384 305.7 398.3 320 416 320z\"><\/path><\/svg><\/span><\/div>\n\n\n\n<div class=\"wp-block-uagb-icon-list-child uagb-block-f60b8441\"><span class=\"uagb-icon-list__source-wrap\"><svg xmlns=\"https:\/\/www.w3.org\/2000\/svg\" viewBox=\"0 0 640 512\"><path d=\"M319.1 351.1c-35.35 0-64 28.66-64 64.01s28.66 64.01 64 64.01c35.34 0 64-28.66 64-64.01S355.3 351.1 319.1 351.1zM320 191.1c-70.25 0-137.9 25.6-190.5 72.03C116.3 275.7 115 295.9 126.7 309.2C138.5 322.4 158.7 323.7 171.9 312C212.8 275.9 265.4 256 320 256s107.3 19.88 148.1 56C474.2 317.4 481.8 320 489.3 320c8.844 0 17.66-3.656 24-10.81C525 295.9 523.8 275.7 510.5 264C457.9 217.6 390.3 191.1 320 191.1zM630.2 156.7C546.3 76.28 436.2 32 320 32S93.69 76.28 9.844 156.7c-12.75 12.25-13.16 32.5-.9375 45.25c12.22 12.78 32.47 13.12 45.25 .9375C125.1 133.1 220.4 96 320 96s193.1 37.97 265.8 106.9C592.1 208.8 600 211.8 608 211.8c8.406 0 16.81-3.281 23.09-9.844C643.3 189.2 642.9 168.1 630.2 156.7z\"><\/path><\/svg><\/span><\/div>\n\n\n\n<div class=\"wp-block-uagb-icon-list-child uagb-block-11aaf68e\"><span class=\"uagb-icon-list__source-wrap\"><svg xmlns=\"https:\/\/www.w3.org\/2000\/svg\" viewBox=\"0 0 640 512\"><path d=\"M115.4 136.8l102.1 37.35c35.13-81.62 86.25-144.4 139-173.7c-95.88-4.875-188.8 36.96-248.5 111.7C101.2 120.6 105.2 133.2 115.4 136.8zM247.6 185l238.5 86.87c35.75-121.4 18.62-231.6-42.63-253.9c-7.375-2.625-15.12-4.062-23.12-4.062C362.4 13.88 292.1 83.13 247.6 185zM521.5 60.51c6.25 16.25 10.75 34.62 13.13 55.25c5.75 49.87-1.376 108.1-18.88 166.9l102.6 37.37c10.13 3.75 21.25-3.375 21.5-14.12C642.3 210.1 598 118.4 521.5 60.51zM528 448h-207l65-178.5l-60.13-21.87l-72.88 200.4H48C21.49 448 0 469.5 0 496C0 504.8 7.163 512 16 512h544c8.837 0 16-7.163 16-15.1C576 469.5 554.5 448 528 448z\"><\/path><\/svg><\/span><\/div>\n<\/div><\/div>\n\n\n\n\n\n<div class=\"wp-block-uagb-buttons uagb-buttons__outer-wrap uagb-btn__large-btn uagb-btn-tablet__default-btn uagb-btn-mobile__default-btn uagb-block-22eef0bb\"><div class=\"uagb-buttons__wrap uagb-buttons-layout-wrap\">\n<div class=\"wp-block-uagb-buttons-child uagb-buttons__outer-wrap uagb-block-81eb5ffc wp-block-button\"><div class=\"uagb-button__wrapper\"><a class=\"uagb-buttons-repeater wp-block-button__link has-background has-text-color\" href=\"\/\/wa.me\/message\/6HMESL2CMNOFB1\" onclick=\"return true;\" rel=\"follow noopener\" target=\"_blank\"><div class=\"uagb-button__link\">reserva j\u00e1<\/div><\/a><\/div><\/div>\n<\/div><\/div>\n","protected":false},"excerpt":{"rendered":"<p>Bem-vindos \u00e0 Residencial Limar, um o\u00e1sis de tranquilidade e conforto localizado nas belas praias de Ingleses, no norte da Ilha de Florian\u00f3polis. Apenas a 300 metros do mar, nosso residencial oferece uma experi\u00eancia de hospedagem \u00fanica e excepcional. Nossos apartamentos, de 1, 2 e 3 quartos, est\u00e3o 100% mobiliados e equipados com tudo o que [&hellip;]<\/p>\n","protected":false},"author":1,"featured_media":0,"parent":0,"menu_order":0,"comment_status":"closed","ping_status":"closed","template":"","meta":{"om_disable_all_campaigns":false,"_monsterinsights_skip_tracking":false,"_monsterinsights_sitenote_active":false,"_monsterinsights_sitenote_note":"","_monsterinsights_sitenote_category":0,"site-sidebar-layout":"default","site-content-layout":"","ast-site-content-layout":"","site-content-style":"default","site-sidebar-style":"default","ast-global-header-display":"","ast-banner-title-visibility":"","ast-main-header-display":"","ast-hfb-above-header-display":"","ast-hfb-below-header-display":"","ast-hfb-mobile-header-display":"","site-post-title":"disabled","ast-breadcrumbs-content":"","ast-featured-img":"","footer-sml-layout":"","theme-transparent-header-meta":"","adv-header-id-meta":"","stick-header-meta":"","header-above-stick-meta":"","header-main-stick-meta":"","header-below-stick-meta":"","astra-migrate-meta-layouts":"default","ast-page-background-enabled":"default","ast-page-background-meta":{"desktop":{"background-color":"","background-image":"","background-repeat":"repeat","background-position":"center center","background-size":"auto","background-attachment":"scroll","background-type":"","background-media":"","overlay-type":"","overlay-color":"","overlay-opacity":"","overlay-gradient":""},"tablet":{"background-color":"","background-image":"","background-repeat":"repeat","background-position":"center center","background-size":"auto","background-attachment":"scroll","background-type":"","background-media":"","overlay-type":"","overlay-color":"","overlay-opacity":"","overlay-gradient":""},"mobile":{"background-color":"","background-image":"","background-repeat":"repeat","background-position":"center center","background-size":"auto","background-attachment":"scroll","background-type":"","background-media":"","overlay-type":"","overlay-color":"","overlay-opacity":"","overlay-gradient":""}},"ast-content-background-meta":{"desktop":{"background-color":"var(--ast-global-color-5)","background-image":"","background-repeat":"repeat","background-position":"center center","background-size":"auto","background-attachment":"scroll","background-type":"","background-media":"","overlay-type":"","overlay-color":"","overlay-opacity":"","overlay-gradient":""},"tablet":{"background-color":"var(--ast-global-color-5)","background-image":"","background-repeat":"repeat","background-position":"center center","background-size":"auto","background-attachment":"scroll","background-type":"","background-media":"","overlay-type":"","overlay-color":"","overlay-opacity":"","overlay-gradient":""},"mobile":{"background-color":"var(--ast-global-color-5)","background-image":"","background-repeat":"repeat","background-position":"center center","background-size":"auto","background-attachment":"scroll","background-type":"","background-media":"","overlay-type":"","overlay-color":"","overlay-opacity":"","overlay-gradient":""}},"footnotes":""},"class_list":["post-1426","page","type-page","status-publish","hentry"],"aioseo_notices":[],"_links":{"self":[{"href":"https:\/\/bcparadiseh.com\/index.php\/wp-json\/wp\/v2\/pages\/1426","targetHints":{"allow":["GET"]}}],"collection":[{"href":"https:\/\/bcparadiseh.com\/index.php\/wp-json\/wp\/v2\/pages"}],"about":[{"href":"https:\/\/bcparadiseh.com\/index.php\/wp-json\/wp\/v2\/types\/page"}],"author":[{"embeddable":true,"href":"https:\/\/bcparadiseh.com\/index.php\/wp-json\/wp\/v2\/users\/1"}],"replies":[{"embeddable":true,"href":"https:\/\/bcparadiseh.com\/index.php\/wp-json\/wp\/v2\/comments?post=1426"}],"version-history":[{"count":3,"href":"https:\/\/bcparadiseh.com\/index.php\/wp-json\/wp\/v2\/pages\/1426\/revisions"}],"predecessor-version":[{"id":1628,"href":"https:\/\/bcparadiseh.com\/index.php\/wp-json\/wp\/v2\/pages\/1426\/revisions\/1628"}],"wp:attachment":[{"href":"https:\/\/bcparadiseh.com\/index.php\/wp-json\/wp\/v2\/media?parent=1426"}],"curies":[{"name":"wp","href":"https:\/\/api.w.org\/{rel}","templated":true}]}}