{"id":1375,"date":"2023-05-23T20:05:37","date_gmt":"2023-05-23T23:05:37","guid":{"rendered":"https:\/\/bcparadiseh.com\/?page_id=1375"},"modified":"2024-05-21T23:10:33","modified_gmt":"2024-05-22T02:10:33","slug":"mon-chateau","status":"publish","type":"page","link":"https:\/\/bcparadiseh.com\/index.php\/mon-chateau\/","title":{"rendered":"Mon Chateau"},"content":{"rendered":"\n<div class=\"wp-block-uagb-advanced-heading uagb-block-7316e291 uag-hide-mob\" id=\"balcamboriu\"><h2 class=\"uagb-heading-text\">MON CHATEAU<\/h2><div class=\"uagb-separator\"><\/div><\/div>\n\n\n\n<div class=\"wp-block-uagb-image aligncenter uagb-block-24fb1732 wp-block-uagb-image--layout-default wp-block-uagb-image--effect-static wp-block-uagb-image--align-center\"><figure class=\"wp-block-uagb-image__figure\"><img decoding=\"async\" srcset=\"https:\/\/bcparadiseh.com\/wp-content\/uploads\/2024\/05\/WhatsApp-Image-2024-05-19-at-17.13.56-1024x782.jpeg \" src=\"https:\/\/bcparadiseh.com\/wp-content\/uploads\/2024\/05\/WhatsApp-Image-2024-05-19-at-17.13.56-1024x782.jpeg\" alt=\"\" class=\"uag-image-1610\" title=\"\" loading=\"lazy\"\/><\/figure><\/div>\n\n\n\n<div class=\"wp-block-uagb-advanced-heading uagb-block-1c7395f3\"><h2 class=\"uagb-heading-text\">Nosso objetivo \u00e9 proporcionar aos nossos h\u00f3spedes o <em>conforto<\/em>, o <em>servi\u00e7o <\/em>e o <em>prazer <\/em>que merecem. <\/h2><\/div>\n\n\n\n<h2 class=\"wp-block-heading\" style=\"font-style:italic;font-weight:500\">Estamos \u00e0 sua espera para desfrutar das melhores f\u00e9rias!<\/h2>\n\n\n\n<div class=\"wp-block-uagb-container uagb-block-5ea69aea alignfull uagb-is-root-container\"><div class=\"uagb-container-inner-blocks-wrap\">\n<div class=\"wp-block-uagb-icon-list uagb-block-93e9a537\"><div class=\"uagb-icon-list__wrap\">\n<div class=\"wp-block-uagb-icon-list-child uagb-block-2254b8b8\"><span class=\"uagb-icon-list__source-wrap\"><svg xmlns=\"https:\/\/www.w3.org\/2000\/svg\" viewBox=\"0 0 576 512\"><path d=\"M408 120C408 174.6 334.9 271.9 302.8 311.1C295.1 321.6 280.9 321.6 273.2 311.1C241.1 271.9 168 174.6 168 120C168 53.73 221.7 0 288 0C354.3 0 408 53.73 408 120zM288 152C310.1 152 328 134.1 328 112C328 89.91 310.1 72 288 72C265.9 72 248 89.91 248 112C248 134.1 265.9 152 288 152zM425.6 179.8C426.1 178.6 426.6 177.4 427.1 176.1L543.1 129.7C558.9 123.4 576 135 576 152V422.8C576 432.6 570 441.4 560.9 445.1L416 503V200.4C419.5 193.5 422.7 186.7 425.6 179.8zM150.4 179.8C153.3 186.7 156.5 193.5 160 200.4V451.8L32.91 502.7C17.15 508.1 0 497.4 0 480.4V209.6C0 199.8 5.975 190.1 15.09 187.3L137.6 138.3C140 152.5 144.9 166.6 150.4 179.8H150.4zM327.8 331.1C341.7 314.6 363.5 286.3 384 255V504.3L192 449.4V255C212.5 286.3 234.3 314.6 248.2 331.1C268.7 357.6 307.3 357.6 327.8 331.1L327.8 331.1z\"><\/path><\/svg><\/span><span class=\"uagb-icon-list__label\"><em>Canasvieiras<\/em><\/span><\/div>\n<\/div><\/div>\n\n\n\n<p class=\"has-medium-font-size\">Bem-vindos ao <em>Mon Chateau<\/em>, uma pousada localizada na praia de Canasvieiras, no norte da Ilha de Florian\u00f3polis. <em><strong>Apenas a 20 metros do mar<\/strong><\/em>, nossa pousada oferece quartos completamente equipados para garantir uma estadia confort\u00e1vel e agrad\u00e1vel.<\/p>\n\n\n\n<h2 class=\"wp-block-heading has-background\" style=\"background-color:#ffffffa6;font-style:italic;font-weight:500\">Quartos<\/h2>\n\n\n\n<p class=\"has-medium-font-size\">Cada um dos nossos quartos possui frigobar, televis\u00e3o, ar-condicionado, banheiro privativo com secador de cabelo e bid\u00e9, para que <em>nossos h\u00f3spedes se sintam em casa<\/em>.  Em nossas \u00e1reas comuns, voc\u00ea encontrar\u00e1 <strong><em>tudo o que precisa<\/em><\/strong> para uma estadia <em>sem preocupa\u00e7\u00f5es<\/em>: micro-ondas, geladeira, cozinha com forno e uma refrescante piscina.<\/p>\n\n\n\n<figure class=\"wp-block-gallery has-nested-images columns-default is-cropped wp-block-gallery-1 is-layout-flex wp-block-gallery-is-layout-flex\">\n<figure class=\"wp-block-image size-large is-style-rounded\"><img loading=\"lazy\" decoding=\"async\" width=\"768\" height=\"1024\" data-id=\"1534\" src=\"https:\/\/bcparadiseh.com\/wp-content\/uploads\/2024\/05\/WhatsApp-Image-2024-04-30-at-12.06.35-768x1024.jpeg\" alt=\"\" class=\"wp-image-1534\" srcset=\"https:\/\/bcparadiseh.com\/wp-content\/uploads\/2024\/05\/WhatsApp-Image-2024-04-30-at-12.06.35-768x1024.jpeg 768w, https:\/\/bcparadiseh.com\/wp-content\/uploads\/2024\/05\/WhatsApp-Image-2024-04-30-at-12.06.35-225x300.jpeg 225w, https:\/\/bcparadiseh.com\/wp-content\/uploads\/2024\/05\/WhatsApp-Image-2024-04-30-at-12.06.35.jpeg 960w\" sizes=\"auto, (max-width: 768px) 100vw, 768px\" \/><\/figure>\n\n\n\n<figure class=\"wp-block-image size-large is-style-rounded\"><img loading=\"lazy\" decoding=\"async\" width=\"768\" height=\"1024\" data-id=\"1535\" src=\"https:\/\/bcparadiseh.com\/wp-content\/uploads\/2024\/05\/WhatsApp-Image-2024-04-30-at-12.06.35-2-768x1024.jpeg\" alt=\"\" class=\"wp-image-1535\" srcset=\"https:\/\/bcparadiseh.com\/wp-content\/uploads\/2024\/05\/WhatsApp-Image-2024-04-30-at-12.06.35-2-768x1024.jpeg 768w, https:\/\/bcparadiseh.com\/wp-content\/uploads\/2024\/05\/WhatsApp-Image-2024-04-30-at-12.06.35-2-225x300.jpeg 225w, https:\/\/bcparadiseh.com\/wp-content\/uploads\/2024\/05\/WhatsApp-Image-2024-04-30-at-12.06.35-2.jpeg 960w\" sizes=\"auto, (max-width: 768px) 100vw, 768px\" \/><\/figure>\n\n\n\n<figure class=\"wp-block-image size-large is-style-rounded\"><img loading=\"lazy\" decoding=\"async\" width=\"768\" height=\"1024\" data-id=\"1538\" src=\"https:\/\/bcparadiseh.com\/wp-content\/uploads\/2024\/05\/WhatsApp-Image-2024-04-30-at-12.06.34-768x1024.jpeg\" alt=\"\" class=\"wp-image-1538\" srcset=\"https:\/\/bcparadiseh.com\/wp-content\/uploads\/2024\/05\/WhatsApp-Image-2024-04-30-at-12.06.34-768x1024.jpeg 768w, https:\/\/bcparadiseh.com\/wp-content\/uploads\/2024\/05\/WhatsApp-Image-2024-04-30-at-12.06.34-225x300.jpeg 225w, https:\/\/bcparadiseh.com\/wp-content\/uploads\/2024\/05\/WhatsApp-Image-2024-04-30-at-12.06.34.jpeg 960w\" sizes=\"auto, (max-width: 768px) 100vw, 768px\" \/><\/figure>\n\n\n\n<figure class=\"wp-block-image size-large is-style-rounded\"><img loading=\"lazy\" decoding=\"async\" width=\"768\" height=\"1024\" data-id=\"1537\" src=\"https:\/\/bcparadiseh.com\/wp-content\/uploads\/2024\/05\/WhatsApp-Image-2024-04-30-at-12.06.34-1-768x1024.jpeg\" alt=\"\" class=\"wp-image-1537\" srcset=\"https:\/\/bcparadiseh.com\/wp-content\/uploads\/2024\/05\/WhatsApp-Image-2024-04-30-at-12.06.34-1-768x1024.jpeg 768w, https:\/\/bcparadiseh.com\/wp-content\/uploads\/2024\/05\/WhatsApp-Image-2024-04-30-at-12.06.34-1-225x300.jpeg 225w, https:\/\/bcparadiseh.com\/wp-content\/uploads\/2024\/05\/WhatsApp-Image-2024-04-30-at-12.06.34-1.jpeg 960w\" sizes=\"auto, (max-width: 768px) 100vw, 768px\" \/><\/figure>\n\n\n\n<figure class=\"wp-block-image size-large is-style-rounded\"><img loading=\"lazy\" decoding=\"async\" width=\"768\" height=\"1024\" data-id=\"1606\" src=\"https:\/\/bcparadiseh.com\/wp-content\/uploads\/2024\/05\/WhatsApp-Image-2024-05-16-at-17.18.55-768x1024.jpeg\" alt=\"\" class=\"wp-image-1606\" srcset=\"https:\/\/bcparadiseh.com\/wp-content\/uploads\/2024\/05\/WhatsApp-Image-2024-05-16-at-17.18.55-768x1024.jpeg 768w, https:\/\/bcparadiseh.com\/wp-content\/uploads\/2024\/05\/WhatsApp-Image-2024-05-16-at-17.18.55-225x300.jpeg 225w, https:\/\/bcparadiseh.com\/wp-content\/uploads\/2024\/05\/WhatsApp-Image-2024-05-16-at-17.18.55.jpeg 960w\" sizes=\"auto, (max-width: 768px) 100vw, 768px\" \/><\/figure>\n<\/figure>\n\n\n\n<h2 class=\"wp-block-heading has-text-align-center\" style=\"font-style:italic;font-weight:500\">\u00c1reas comuns<\/h2>\n\n\n\n<p class=\"has-medium-font-size\"> Em nossas \u00e1reas comuns, voc\u00ea encontrar\u00e1 <strong><em>tudo o que precisa<\/em><\/strong> para uma estadia <em>sem preocupa\u00e7\u00f5es<\/em>: micro-ondas, geladeira, cozinha com forno e uma refrescante piscina.<\/p>\n\n\n\n<figure class=\"wp-block-gallery has-nested-images columns-default is-cropped wp-block-gallery-2 is-layout-flex wp-block-gallery-is-layout-flex\">\n<figure class=\"wp-block-image size-large is-style-rounded\"><img loading=\"lazy\" decoding=\"async\" width=\"768\" height=\"1024\" data-id=\"1568\" src=\"https:\/\/bcparadiseh.com\/wp-content\/uploads\/2024\/05\/WhatsApp-Image-2024-04-30-at-12.06.29-768x1024.jpeg\" alt=\"\" class=\"wp-image-1568\" srcset=\"https:\/\/bcparadiseh.com\/wp-content\/uploads\/2024\/05\/WhatsApp-Image-2024-04-30-at-12.06.29-768x1024.jpeg 768w, https:\/\/bcparadiseh.com\/wp-content\/uploads\/2024\/05\/WhatsApp-Image-2024-04-30-at-12.06.29-225x300.jpeg 225w, https:\/\/bcparadiseh.com\/wp-content\/uploads\/2024\/05\/WhatsApp-Image-2024-04-30-at-12.06.29.jpeg 960w\" sizes=\"auto, (max-width: 768px) 100vw, 768px\" \/><\/figure>\n\n\n\n<figure class=\"wp-block-image size-large is-style-rounded\"><img loading=\"lazy\" decoding=\"async\" width=\"1024\" height=\"683\" data-id=\"1212\" src=\"https:\/\/bcparadiseh.com\/wp-content\/uploads\/2023\/04\/WhatsApp-Image-2023-04-24-at-12.28.13-1024x683.jpeg\" alt=\"\" class=\"wp-image-1212\" srcset=\"https:\/\/bcparadiseh.com\/wp-content\/uploads\/2023\/04\/WhatsApp-Image-2023-04-24-at-12.28.13-1024x683.jpeg 1024w, https:\/\/bcparadiseh.com\/wp-content\/uploads\/2023\/04\/WhatsApp-Image-2023-04-24-at-12.28.13-300x200.jpeg 300w, https:\/\/bcparadiseh.com\/wp-content\/uploads\/2023\/04\/WhatsApp-Image-2023-04-24-at-12.28.13-768x512.jpeg 768w, https:\/\/bcparadiseh.com\/wp-content\/uploads\/2023\/04\/WhatsApp-Image-2023-04-24-at-12.28.13.jpeg 1076w\" sizes=\"auto, (max-width: 1024px) 100vw, 1024px\" \/><\/figure>\n\n\n\n<figure class=\"wp-block-image size-large is-style-rounded\"><img loading=\"lazy\" decoding=\"async\" width=\"768\" height=\"1024\" data-id=\"1553\" src=\"https:\/\/bcparadiseh.com\/wp-content\/uploads\/2024\/05\/WhatsApp-Image-2024-04-30-at-12.06.32-768x1024.jpeg\" alt=\"\" class=\"wp-image-1553\" srcset=\"https:\/\/bcparadiseh.com\/wp-content\/uploads\/2024\/05\/WhatsApp-Image-2024-04-30-at-12.06.32-768x1024.jpeg 768w, https:\/\/bcparadiseh.com\/wp-content\/uploads\/2024\/05\/WhatsApp-Image-2024-04-30-at-12.06.32-225x300.jpeg 225w, https:\/\/bcparadiseh.com\/wp-content\/uploads\/2024\/05\/WhatsApp-Image-2024-04-30-at-12.06.32.jpeg 960w\" sizes=\"auto, (max-width: 768px) 100vw, 768px\" \/><\/figure>\n\n\n\n<figure class=\"wp-block-image size-large is-style-rounded\"><img loading=\"lazy\" decoding=\"async\" width=\"1024\" height=\"575\" data-id=\"1206\" src=\"https:\/\/bcparadiseh.com\/wp-content\/uploads\/2023\/04\/WhatsApp-Image-2023-04-24-at-12.28.00-1-1024x575.jpeg\" alt=\"\" class=\"wp-image-1206\" srcset=\"https:\/\/bcparadiseh.com\/wp-content\/uploads\/2023\/04\/WhatsApp-Image-2023-04-24-at-12.28.00-1-1024x575.jpeg 1024w, https:\/\/bcparadiseh.com\/wp-content\/uploads\/2023\/04\/WhatsApp-Image-2023-04-24-at-12.28.00-1-300x168.jpeg 300w, https:\/\/bcparadiseh.com\/wp-content\/uploads\/2023\/04\/WhatsApp-Image-2023-04-24-at-12.28.00-1-768x431.jpeg 768w, https:\/\/bcparadiseh.com\/wp-content\/uploads\/2023\/04\/WhatsApp-Image-2023-04-24-at-12.28.00-1.jpeg 1079w\" sizes=\"auto, (max-width: 1024px) 100vw, 1024px\" \/><\/figure>\n<\/figure>\n\n\n\n<h2 class=\"wp-block-heading has-text-align-center\" id=\"nossobistro\" style=\"font-style:italic;font-weight:500\">Nosso <strong><em>Bistr\u00f4<\/em><\/strong> <\/h2>\n\n\n\n<p class=\"has-medium-font-size\">No Mon Chateau, o prazer dos sentidos tamb\u00e9m se encontra em nosso<strong><em> exclusivo Bistr\u00f4<\/em><\/strong>. Oferecemos servi\u00e7os de caf\u00e9 da manh\u00e3 buffet, almo\u00e7os e jantares, onde voc\u00ea pode desfrutar de pratos elaborados com as melhores mat\u00e9rias-primas e deleitar-se com uma experi\u00eancia culin\u00e1ria \u00fanica.<\/p>\n\n\n\n<figure class=\"wp-block-gallery has-nested-images columns-default is-cropped wp-block-gallery-3 is-layout-flex wp-block-gallery-is-layout-flex\">\n<figure class=\"wp-block-image size-large is-style-rounded\"><img loading=\"lazy\" decoding=\"async\" width=\"768\" height=\"1024\" data-id=\"1573\" src=\"https:\/\/bcparadiseh.com\/wp-content\/uploads\/2024\/05\/WhatsApp-Image-2024-04-29-at-13.14.55-768x1024.jpeg\" alt=\"\" class=\"wp-image-1573\" srcset=\"https:\/\/bcparadiseh.com\/wp-content\/uploads\/2024\/05\/WhatsApp-Image-2024-04-29-at-13.14.55-768x1024.jpeg 768w, https:\/\/bcparadiseh.com\/wp-content\/uploads\/2024\/05\/WhatsApp-Image-2024-04-29-at-13.14.55-225x300.jpeg 225w, https:\/\/bcparadiseh.com\/wp-content\/uploads\/2024\/05\/WhatsApp-Image-2024-04-29-at-13.14.55-1152x1536.jpeg 1152w, https:\/\/bcparadiseh.com\/wp-content\/uploads\/2024\/05\/WhatsApp-Image-2024-04-29-at-13.14.55.jpeg 1200w\" sizes=\"auto, (max-width: 768px) 100vw, 768px\" \/><\/figure>\n\n\n\n<figure class=\"wp-block-image size-large is-style-rounded\"><img loading=\"lazy\" decoding=\"async\" width=\"768\" height=\"1024\" data-id=\"1548\" src=\"https:\/\/bcparadiseh.com\/wp-content\/uploads\/2024\/05\/WhatsApp-Image-2024-04-29-at-13.14.58-768x1024.jpeg\" alt=\"\" class=\"wp-image-1548\" srcset=\"https:\/\/bcparadiseh.com\/wp-content\/uploads\/2024\/05\/WhatsApp-Image-2024-04-29-at-13.14.58-768x1024.jpeg 768w, https:\/\/bcparadiseh.com\/wp-content\/uploads\/2024\/05\/WhatsApp-Image-2024-04-29-at-13.14.58-225x300.jpeg 225w, https:\/\/bcparadiseh.com\/wp-content\/uploads\/2024\/05\/WhatsApp-Image-2024-04-29-at-13.14.58-1152x1536.jpeg 1152w, https:\/\/bcparadiseh.com\/wp-content\/uploads\/2024\/05\/WhatsApp-Image-2024-04-29-at-13.14.58.jpeg 1200w\" sizes=\"auto, (max-width: 768px) 100vw, 768px\" \/><\/figure>\n\n\n\n<figure class=\"wp-block-image size-large is-style-rounded\"><img loading=\"lazy\" decoding=\"async\" width=\"1024\" height=\"576\" data-id=\"1609\" src=\"https:\/\/bcparadiseh.com\/wp-content\/uploads\/2024\/05\/WhatsApp-Image-2024-05-16-at-17.18.24-1024x576.jpeg\" alt=\"\" class=\"wp-image-1609\" srcset=\"https:\/\/bcparadiseh.com\/wp-content\/uploads\/2024\/05\/WhatsApp-Image-2024-05-16-at-17.18.24-1024x576.jpeg 1024w, https:\/\/bcparadiseh.com\/wp-content\/uploads\/2024\/05\/WhatsApp-Image-2024-05-16-at-17.18.24-300x169.jpeg 300w, https:\/\/bcparadiseh.com\/wp-content\/uploads\/2024\/05\/WhatsApp-Image-2024-05-16-at-17.18.24-768x432.jpeg 768w, https:\/\/bcparadiseh.com\/wp-content\/uploads\/2024\/05\/WhatsApp-Image-2024-05-16-at-17.18.24.jpeg 1280w\" sizes=\"auto, (max-width: 1024px) 100vw, 1024px\" \/><\/figure>\n\n\n\n<figure class=\"wp-block-image size-large is-style-rounded\"><img loading=\"lazy\" decoding=\"async\" width=\"768\" height=\"1024\" data-id=\"1564\" src=\"https:\/\/bcparadiseh.com\/wp-content\/uploads\/2024\/05\/WhatsApp-Image-2024-04-29-at-13.14.53-1-768x1024.jpeg\" alt=\"\" class=\"wp-image-1564\" srcset=\"https:\/\/bcparadiseh.com\/wp-content\/uploads\/2024\/05\/WhatsApp-Image-2024-04-29-at-13.14.53-1-768x1024.jpeg 768w, https:\/\/bcparadiseh.com\/wp-content\/uploads\/2024\/05\/WhatsApp-Image-2024-04-29-at-13.14.53-1-225x300.jpeg 225w, https:\/\/bcparadiseh.com\/wp-content\/uploads\/2024\/05\/WhatsApp-Image-2024-04-29-at-13.14.53-1-1152x1536.jpeg 1152w, https:\/\/bcparadiseh.com\/wp-content\/uploads\/2024\/05\/WhatsApp-Image-2024-04-29-at-13.14.53-1.jpeg 1200w\" sizes=\"auto, (max-width: 768px) 100vw, 768px\" \/><\/figure>\n<\/figure>\n\n\n\n<figure class=\"wp-block-image size-large is-style-rounded\"><img loading=\"lazy\" decoding=\"async\" width=\"1024\" height=\"715\" src=\"https:\/\/bcparadiseh.com\/wp-content\/uploads\/2024\/05\/recepcion-1024x715.jpeg\" alt=\"\" class=\"wp-image-1533\" srcset=\"https:\/\/bcparadiseh.com\/wp-content\/uploads\/2024\/05\/recepcion-1024x715.jpeg 1024w, https:\/\/bcparadiseh.com\/wp-content\/uploads\/2024\/05\/recepcion-300x209.jpeg 300w, https:\/\/bcparadiseh.com\/wp-content\/uploads\/2024\/05\/recepcion-768x536.jpeg 768w, https:\/\/bcparadiseh.com\/wp-content\/uploads\/2024\/05\/recepcion.jpeg 1029w\" sizes=\"auto, (max-width: 1024px) 100vw, 1024px\" \/><\/figure>\n\n\n\n<div class=\"wp-block-uagb-icon-list uagb-block-27088b0a\"><div class=\"uagb-icon-list__wrap\">\n<div class=\"wp-block-uagb-icon-list-child uagb-block-bb824300\"><span class=\"uagb-icon-list__source-wrap\"><svg xmlns=\"https:\/\/www.w3.org\/2000\/svg\" viewBox=\"0 0 576 512\"><path d=\"M192.4 320c63.38 0 54.09-39.67 95.33-40.02c42.54 .3672 31.81 40.02 95.91 40.02c39.27 0 55.72-18.41 62.21-24.83l-140.4-116.1c3.292-1.689 31.66-18.2 75.25-18.2c12.57 0 25.18 1.397 37.53 4.21l38.59 8.844c2.412 .5592 4.824 .8272 7.2 .8272c15.91 0 31.96-12.81 31.96-32.04c0-14.58-10.03-27.77-24.84-31.16l-38.59-8.844c-17.06-3.904-34.46-5.837-51.81-5.837c-120.1 0-177.4 85.87-178.1 88.02L179.1 213.3C158.1 241.3 147.4 273.8 145 307.7C157.5 315.4 174.3 320 192.4 320zM576 397c0-15.14-10.82-28.59-26.25-31.42c-48.52-8.888-45.5-29.48-69.6-29.48c-25.02 0-31.19 31.79-96.18 31.79c-48.59 0-72.72-22.06-73.38-22.62c-6.141-6.157-14.26-9.188-22.42-9.188c-24.75 0-31.59 31.81-96.2 31.81c-48.59 0-72.69-22.03-73.41-22.59c-6.125-6.157-14.3-9.245-22.46-9.245c-8.072 0-16.12 3.026-22.38 8.901c-29.01 26.25-73.75 12.54-73.75 52.08c0 16.08 12.77 32.07 31.71 32.07c9.77 0 39.65-7.34 64.26-21.84C115.5 418.8 147.4 431.1 192 431.1s76.5-13.12 96-24.66c19.53 11.53 51.47 24.59 96 24.59c44.59 0 76.56-13.09 96.06-24.62c24.71 14.57 54.74 21.83 64.24 21.83C563.2 429.1 576 413.3 576 397zM95.1 224c35.35 0 64-28.65 64-64c0-35.35-28.65-64-64-64s-64 28.65-64 64C31.1 195.3 60.65 224 95.1 224z\"><\/path><\/svg><\/span><\/div>\n\n\n\n<div class=\"wp-block-uagb-icon-list-child uagb-block-fd349a3d\"><span class=\"uagb-icon-list__source-wrap\"><svg xmlns=\"https:\/\/www.w3.org\/2000\/svg\" viewBox=\"0 0 512 512\"><path d=\"M100.4 112.3L.5101 491.7c-1.375 5.625 .1622 11.6 4.287 15.6c4.127 4.125 10.13 5.744 15.63 4.119l379.1-105.1C395.3 231.4 276.5 114.1 100.4 112.3zM127.1 416c-17.62 0-32-14.38-32-31.1c0-17.62 14.39-32 32.01-32c17.63 0 32 14.38 32 31.1C160 401.6 145.6 416 127.1 416zM175.1 271.1c-17.63 0-32-14.38-32-32c0-17.62 14.38-31.1 32-31.1c17.62 0 32 14.38 32 31.1C208 257.6 193.6 271.1 175.1 271.1zM272 367.1c-17.62 0-32-14.38-32-31.1c0-17.62 14.38-32 32-32c17.63 0 32 14.38 32 32C304 353.6 289.6 367.1 272 367.1zM158.9 .1406c-16.13-1.5-31.25 8.501-35.38 24.12L108.7 80.52c187.6 5.5 314.5 130.6 322.5 316.1l56.88-15.75c15.75-4.375 25.5-19.62 23.63-35.87C490.9 165.1 340.8 17.39 158.9 .1406z\"><\/path><\/svg><\/span><\/div>\n\n\n\n<div class=\"wp-block-uagb-icon-list-child uagb-block-b86a18c3\"><span class=\"uagb-icon-list__source-wrap\"><svg xmlns=\"https:\/\/www.w3.org\/2000\/svg\" viewBox=\"0 0 640 512\"><path d=\"M319.1 351.1c-35.35 0-64 28.66-64 64.01s28.66 64.01 64 64.01c35.34 0 64-28.66 64-64.01S355.3 351.1 319.1 351.1zM320 191.1c-70.25 0-137.9 25.6-190.5 72.03C116.3 275.7 115 295.9 126.7 309.2C138.5 322.4 158.7 323.7 171.9 312C212.8 275.9 265.4 256 320 256s107.3 19.88 148.1 56C474.2 317.4 481.8 320 489.3 320c8.844 0 17.66-3.656 24-10.81C525 295.9 523.8 275.7 510.5 264C457.9 217.6 390.3 191.1 320 191.1zM630.2 156.7C546.3 76.28 436.2 32 320 32S93.69 76.28 9.844 156.7c-12.75 12.25-13.16 32.5-.9375 45.25c12.22 12.78 32.47 13.12 45.25 .9375C125.1 133.1 220.4 96 320 96s193.1 37.97 265.8 106.9C592.1 208.8 600 211.8 608 211.8c8.406 0 16.81-3.281 23.09-9.844C643.3 189.2 642.9 168.1 630.2 156.7z\"><\/path><\/svg><\/span><\/div>\n\n\n\n<div class=\"wp-block-uagb-icon-list-child uagb-block-255634f1\"><span class=\"uagb-icon-list__source-wrap\"><svg xmlns=\"https:\/\/www.w3.org\/2000\/svg\" viewBox=\"0 0 640 512\"><path d=\"M115.4 136.8l102.1 37.35c35.13-81.62 86.25-144.4 139-173.7c-95.88-4.875-188.8 36.96-248.5 111.7C101.2 120.6 105.2 133.2 115.4 136.8zM247.6 185l238.5 86.87c35.75-121.4 18.62-231.6-42.63-253.9c-7.375-2.625-15.12-4.062-23.12-4.062C362.4 13.88 292.1 83.13 247.6 185zM521.5 60.51c6.25 16.25 10.75 34.62 13.13 55.25c5.75 49.87-1.376 108.1-18.88 166.9l102.6 37.37c10.13 3.75 21.25-3.375 21.5-14.12C642.3 210.1 598 118.4 521.5 60.51zM528 448h-207l65-178.5l-60.13-21.87l-72.88 200.4H48C21.49 448 0 469.5 0 496C0 504.8 7.163 512 16 512h544c8.837 0 16-7.163 16-15.1C576 469.5 554.5 448 528 448z\"><\/path><\/svg><\/span><\/div>\n<\/div><\/div>\n<\/div><\/div>\n\n\n\n<div class=\"wp-block-uagb-buttons uagb-buttons__outer-wrap uagb-btn__large-btn uagb-btn-tablet__default-btn uagb-btn-mobile__default-btn uagb-block-36ab8f77\"><div class=\"uagb-buttons__wrap uagb-buttons-layout-wrap\">\n<div class=\"wp-block-uagb-buttons-child uagb-buttons__outer-wrap uagb-block-56ea48e4 wp-block-button\"><div class=\"uagb-button__wrapper\"><a class=\"uagb-buttons-repeater wp-block-button__link has-background has-text-color\" href=\"\/\/wa.me\/message\/6HMESL2CMNOFB1\" onclick=\"return true;\" rel=\"follow noopener\" target=\"_blank\"><div class=\"uagb-button__link\">reserva j\u00e1<\/div><\/a><\/div><\/div>\n<\/div><\/div>\n","protected":false},"excerpt":{"rendered":"<p>Estamos \u00e0 sua espera para desfrutar das melhores f\u00e9rias!<\/p>\n","protected":false},"author":1,"featured_media":0,"parent":0,"menu_order":0,"comment_status":"closed","ping_status":"closed","template":"","meta":{"om_disable_all_campaigns":false,"_monsterinsights_skip_tracking":false,"_monsterinsights_sitenote_active":false,"_monsterinsights_sitenote_note":"","_monsterinsights_sitenote_category":0,"site-sidebar-layout":"default","site-content-layout":"","ast-site-content-layout":"","site-content-style":"default","site-sidebar-style":"default","ast-global-header-display":"","ast-banner-title-visibility":"","ast-main-header-display":"","ast-hfb-above-header-display":"","ast-hfb-below-header-display":"","ast-hfb-mobile-header-display":"","site-post-title":"disabled","ast-breadcrumbs-content":"","ast-featured-img":"","footer-sml-layout":"","theme-transparent-header-meta":"","adv-header-id-meta":"","stick-header-meta":"","header-above-stick-meta":"","header-main-stick-meta":"","header-below-stick-meta":"","astra-migrate-meta-layouts":"default","ast-page-background-enabled":"default","ast-page-background-meta":{"desktop":{"background-color":"","background-image":"","background-repeat":"repeat","background-position":"center center","background-size":"auto","background-attachment":"scroll","background-type":"","background-media":"","overlay-type":"","overlay-color":"","overlay-opacity":"","overlay-gradient":""},"tablet":{"background-color":"","background-image":"","background-repeat":"repeat","background-position":"center center","background-size":"auto","background-attachment":"scroll","background-type":"","background-media":"","overlay-type":"","overlay-color":"","overlay-opacity":"","overlay-gradient":""},"mobile":{"background-color":"","background-image":"","background-repeat":"repeat","background-position":"center center","background-size":"auto","background-attachment":"scroll","background-type":"","background-media":"","overlay-type":"","overlay-color":"","overlay-opacity":"","overlay-gradient":""}},"ast-content-background-meta":{"desktop":{"background-color":"var(--ast-global-color-5)","background-image":"","background-repeat":"repeat","background-position":"center center","background-size":"auto","background-attachment":"scroll","background-type":"","background-media":"","overlay-type":"","overlay-color":"","overlay-opacity":"","overlay-gradient":""},"tablet":{"background-color":"var(--ast-global-color-5)","background-image":"","background-repeat":"repeat","background-position":"center center","background-size":"auto","background-attachment":"scroll","background-type":"","background-media":"","overlay-type":"","overlay-color":"","overlay-opacity":"","overlay-gradient":""},"mobile":{"background-color":"var(--ast-global-color-5)","background-image":"","background-repeat":"repeat","background-position":"center center","background-size":"auto","background-attachment":"scroll","background-type":"","background-media":"","overlay-type":"","overlay-color":"","overlay-opacity":"","overlay-gradient":""}},"footnotes":""},"class_list":["post-1375","page","type-page","status-publish","hentry"],"aioseo_notices":[],"_links":{"self":[{"href":"https:\/\/bcparadiseh.com\/index.php\/wp-json\/wp\/v2\/pages\/1375","targetHints":{"allow":["GET"]}}],"collection":[{"href":"https:\/\/bcparadiseh.com\/index.php\/wp-json\/wp\/v2\/pages"}],"about":[{"href":"https:\/\/bcparadiseh.com\/index.php\/wp-json\/wp\/v2\/types\/page"}],"author":[{"embeddable":true,"href":"https:\/\/bcparadiseh.com\/index.php\/wp-json\/wp\/v2\/users\/1"}],"replies":[{"embeddable":true,"href":"https:\/\/bcparadiseh.com\/index.php\/wp-json\/wp\/v2\/comments?post=1375"}],"version-history":[{"count":22,"href":"https:\/\/bcparadiseh.com\/index.php\/wp-json\/wp\/v2\/pages\/1375\/revisions"}],"predecessor-version":[{"id":1685,"href":"https:\/\/bcparadiseh.com\/index.php\/wp-json\/wp\/v2\/pages\/1375\/revisions\/1685"}],"wp:attachment":[{"href":"https:\/\/bcparadiseh.com\/index.php\/wp-json\/wp\/v2\/media?parent=1375"}],"curies":[{"name":"wp","href":"https:\/\/api.w.org\/{rel}","templated":true}]}}