{"id":1373,"date":"2023-05-26T11:49:47","date_gmt":"2023-05-26T14:49:47","guid":{"rendered":"https:\/\/bcparadiseh.com\/?page_id=1373"},"modified":"2024-05-23T03:08:19","modified_gmt":"2024-05-23T06:08:19","slug":"bc-paradise","status":"publish","type":"page","link":"https:\/\/bcparadiseh.com\/index.php\/bc-paradise\/","title":{"rendered":"BC Paradise"},"content":{"rendered":"\n<div class=\"wp-block-uagb-advanced-heading uagb-block-539eb5af uag-hide-mob\" id=\"balcamboriu\"><h2 class=\"uagb-heading-text\">BC PARADISE HOSTEL &amp; SUITES<\/h2><div class=\"uagb-separator\"><\/div><\/div>\n\n\n\n<div class=\"wp-block-uagb-image aligncenter uagb-block-62134d67 wp-block-uagb-image--layout-default wp-block-uagb-image--effect-static wp-block-uagb-image--align-center\"><figure class=\"wp-block-uagb-image__figure\"><img decoding=\"async\" srcset=\"https:\/\/bcparadiseh.com\/wp-content\/uploads\/2024\/05\/WhatsApp-Image-2024-05-23-at-02.56.20.jpeg , https:\/\/bcparadiseh.com\/wp-content\/uploads\/2023\/04\/bcparadisefrente-300x240.jpeg 360w\" src=\"https:\/\/bcparadiseh.com\/wp-content\/uploads\/2024\/05\/WhatsApp-Image-2024-05-23-at-02.56.20.jpeg\" alt=\"\" class=\"uag-image-1615\" width=\"1024\" height=\"820\" title=\"\" loading=\"lazy\"\/><\/figure><\/div>\n\n\n\n<div class=\"wp-block-uagb-container uagb-block-d06fb16a alignfull uagb-is-root-container\"><div class=\"uagb-container-inner-blocks-wrap\">\n<div class=\"wp-block-uagb-icon-list uagb-block-fa6da828\"><div class=\"uagb-icon-list__wrap\">\n<div class=\"wp-block-uagb-icon-list-child uagb-block-e428b9c5\"><span class=\"uagb-icon-list__source-wrap\"><svg xmlns=\"https:\/\/www.w3.org\/2000\/svg\" viewBox=\"0 0 576 512\"><path d=\"M408 120C408 174.6 334.9 271.9 302.8 311.1C295.1 321.6 280.9 321.6 273.2 311.1C241.1 271.9 168 174.6 168 120C168 53.73 221.7 0 288 0C354.3 0 408 53.73 408 120zM288 152C310.1 152 328 134.1 328 112C328 89.91 310.1 72 288 72C265.9 72 248 89.91 248 112C248 134.1 265.9 152 288 152zM425.6 179.8C426.1 178.6 426.6 177.4 427.1 176.1L543.1 129.7C558.9 123.4 576 135 576 152V422.8C576 432.6 570 441.4 560.9 445.1L416 503V200.4C419.5 193.5 422.7 186.7 425.6 179.8zM150.4 179.8C153.3 186.7 156.5 193.5 160 200.4V451.8L32.91 502.7C17.15 508.1 0 497.4 0 480.4V209.6C0 199.8 5.975 190.1 15.09 187.3L137.6 138.3C140 152.5 144.9 166.6 150.4 179.8H150.4zM327.8 331.1C341.7 314.6 363.5 286.3 384 255V504.3L192 449.4V255C212.5 286.3 234.3 314.6 248.2 331.1C268.7 357.6 307.3 357.6 327.8 331.1L327.8 331.1z\"><\/path><\/svg><\/span><span class=\"uagb-icon-list__label\"><em>Balne\u00e1rio Cambori\u00fa<\/em><\/span><\/div>\n<\/div><\/div>\n\n\n\n<p>Localizado em uma das <em>\u00e1reas mais populares<\/em> de <em>Balne\u00e1rio Cambori\u00fa<\/em>, com uma grande variedade de restaurantes, bares e lojas pr\u00f3ximos. No BC Paradise oferecemos uma experi\u00eancia \u00fanica para aqueles que procuram desfrutar de umas <em>f\u00e9rias tranquilas e confort\u00e1veis <\/em>em um ambiente acolhedor.<\/p>\n\n\n\n<h2 class=\"wp-block-heading\" style=\"font-style:italic;font-weight:300\">Quartos<\/h2>\n\n\n\n<p>Nossos alojamentos incluem <em>quartos privados<\/em> e <em>compartilhados<\/em>, todos equipados com ar condicionado, televis\u00e3o a cabo, <em>Wi-Fi<\/em> gratuito e banheiro privativo. <\/p>\n\n\n\n\n\n<h2 class=\"wp-block-heading\" style=\"font-style:italic;font-weight:300\">Areas comuns<\/h2>\n\n\n\n<p>Nossas acomodacoes possuem uma <em>cozinha compartilhada<\/em> equipada com tudo o necess\u00e1riopara que os h\u00f3spedes possam preparar suas pr\u00f3prias refei\u00e7\u00f5es . Ideal para <em>fam\u00edlias<\/em> que procuram desfrutar de umas f\u00e9rias tranquilas e econ\u00f4micas <em>perto da praia<\/em>.<\/p>\n\n\n\n<figure class=\"wp-block-image size-medium\"><img loading=\"lazy\" decoding=\"async\" width=\"267\" height=\"300\" src=\"https:\/\/bcparadiseh.com\/wp-content\/uploads\/2024\/05\/WhatsApp-Image-2024-05-23-at-03.06.04-267x300.jpeg\" alt=\"\" class=\"wp-image-1618\" srcset=\"https:\/\/bcparadiseh.com\/wp-content\/uploads\/2024\/05\/WhatsApp-Image-2024-05-23-at-03.06.04-267x300.jpeg 267w, https:\/\/bcparadiseh.com\/wp-content\/uploads\/2024\/05\/WhatsApp-Image-2024-05-23-at-03.06.04-912x1024.jpeg 912w, https:\/\/bcparadiseh.com\/wp-content\/uploads\/2024\/05\/WhatsApp-Image-2024-05-23-at-03.06.04-768x862.jpeg 768w, https:\/\/bcparadiseh.com\/wp-content\/uploads\/2024\/05\/WhatsApp-Image-2024-05-23-at-03.06.04.jpeg 1140w\" sizes=\"auto, (max-width: 267px) 100vw, 267px\" \/><\/figure>\n\n\n\n<div class=\"wp-block-uagb-icon-list uagb-block-ab491664\"><div class=\"uagb-icon-list__wrap\">\n<div class=\"wp-block-uagb-icon-list-child uagb-block-af73dd96\"><span class=\"uagb-icon-list__source-wrap\"><svg xmlns=\"https:\/\/www.w3.org\/2000\/svg\" viewBox=\"0 0 640 512\"><path d=\"M319.1 351.1c-35.35 0-64 28.66-64 64.01s28.66 64.01 64 64.01c35.34 0 64-28.66 64-64.01S355.3 351.1 319.1 351.1zM320 191.1c-70.25 0-137.9 25.6-190.5 72.03C116.3 275.7 115 295.9 126.7 309.2C138.5 322.4 158.7 323.7 171.9 312C212.8 275.9 265.4 256 320 256s107.3 19.88 148.1 56C474.2 317.4 481.8 320 489.3 320c8.844 0 17.66-3.656 24-10.81C525 295.9 523.8 275.7 510.5 264C457.9 217.6 390.3 191.1 320 191.1zM630.2 156.7C546.3 76.28 436.2 32 320 32S93.69 76.28 9.844 156.7c-12.75 12.25-13.16 32.5-.9375 45.25c12.22 12.78 32.47 13.12 45.25 .9375C125.1 133.1 220.4 96 320 96s193.1 37.97 265.8 106.9C592.1 208.8 600 211.8 608 211.8c8.406 0 16.81-3.281 23.09-9.844C643.3 189.2 642.9 168.1 630.2 156.7z\"><\/path><\/svg><\/span><span class=\"uagb-icon-list__label\">Wi-fi<\/span><\/div>\n\n\n\n<div class=\"wp-block-uagb-icon-list-child uagb-block-f5cc636c\"><span class=\"uagb-icon-list__source-wrap\"><svg xmlns=\"https:\/\/www.w3.org\/2000\/svg\" viewBox=\"0 0 512 512\"><path d=\"M400 192H32C14.25 192 0 206.3 0 224v192c0 53 43 96 96 96h192c53 0 96-43 96-96h16c61.75 0 112-50.25 112-112S461.8 192 400 192zM400 352H384V256h16C426.5 256 448 277.5 448 304S426.5 352 400 352zM107.9 100.7C120.3 107.1 128 121.4 128 136c0 13.25 10.75 23.89 24 23.89S176 148.1 176 135.7c0-31.34-16.83-60.64-43.91-76.45C119.7 52.03 112 38.63 112 24.28c0-13.25-10.75-24.14-24-24.14S64 11.03 64 24.28C64 55.63 80.83 84.92 107.9 100.7zM219.9 100.7C232.3 107.1 240 121.4 240 136c0 13.25 10.75 23.86 24 23.86S288 148.1 288 135.7c0-31.34-16.83-60.64-43.91-76.45C231.7 52.03 224 38.63 224 24.28c0-13.25-10.75-24.18-24-24.18S176 11.03 176 24.28C176 55.63 192.8 84.92 219.9 100.7z\"><\/path><\/svg><\/span><span class=\"uagb-icon-list__label\">Caf\u00e9 da manh\u00e3<\/span><\/div>\n\n\n\n<div class=\"wp-block-uagb-icon-list-child uagb-block-266fd19c\"><span class=\"uagb-icon-list__source-wrap\"><svg xmlns=\"https:\/\/www.w3.org\/2000\/svg\" viewBox=\"0 0 512 512\"><path d=\"M481.9 270.1C490.9 279.1 496 291.3 496 304C496 316.7 490.9 328.9 481.9 337.9C472.9 346.9 460.7 352 448 352H64C51.27 352 39.06 346.9 30.06 337.9C21.06 328.9 16 316.7 16 304C16 291.3 21.06 279.1 30.06 270.1C39.06 261.1 51.27 256 64 256H448C460.7 256 472.9 261.1 481.9 270.1zM475.3 388.7C478.3 391.7 480 395.8 480 400V416C480 432.1 473.3 449.3 461.3 461.3C449.3 473.3 432.1 480 416 480H96C79.03 480 62.75 473.3 50.75 461.3C38.74 449.3 32 432.1 32 416V400C32 395.8 33.69 391.7 36.69 388.7C39.69 385.7 43.76 384 48 384H464C468.2 384 472.3 385.7 475.3 388.7zM50.39 220.8C45.93 218.6 42.03 215.5 38.97 211.6C35.91 207.7 33.79 203.2 32.75 198.4C31.71 193.5 31.8 188.5 32.99 183.7C54.98 97.02 146.5 32 256 32C365.5 32 457 97.02 479 183.7C480.2 188.5 480.3 193.5 479.2 198.4C478.2 203.2 476.1 207.7 473 211.6C469.1 215.5 466.1 218.6 461.6 220.8C457.2 222.9 452.3 224 447.3 224H64.67C59.73 224 54.84 222.9 50.39 220.8zM372.7 116.7C369.7 119.7 368 123.8 368 128C368 131.2 368.9 134.3 370.7 136.9C372.5 139.5 374.1 141.6 377.9 142.8C380.8 143.1 384 144.3 387.1 143.7C390.2 143.1 393.1 141.6 395.3 139.3C397.6 137.1 399.1 134.2 399.7 131.1C400.3 128 399.1 124.8 398.8 121.9C397.6 118.1 395.5 116.5 392.9 114.7C390.3 112.9 387.2 111.1 384 111.1C379.8 111.1 375.7 113.7 372.7 116.7V116.7zM244.7 84.69C241.7 87.69 240 91.76 240 96C240 99.16 240.9 102.3 242.7 104.9C244.5 107.5 246.1 109.6 249.9 110.8C252.8 111.1 256 112.3 259.1 111.7C262.2 111.1 265.1 109.6 267.3 107.3C269.6 105.1 271.1 102.2 271.7 99.12C272.3 96.02 271.1 92.8 270.8 89.88C269.6 86.95 267.5 84.45 264.9 82.7C262.3 80.94 259.2 79.1 256 79.1C251.8 79.1 247.7 81.69 244.7 84.69V84.69zM116.7 116.7C113.7 119.7 112 123.8 112 128C112 131.2 112.9 134.3 114.7 136.9C116.5 139.5 118.1 141.6 121.9 142.8C124.8 143.1 128 144.3 131.1 143.7C134.2 143.1 137.1 141.6 139.3 139.3C141.6 137.1 143.1 134.2 143.7 131.1C144.3 128 143.1 124.8 142.8 121.9C141.6 118.1 139.5 116.5 136.9 114.7C134.3 112.9 131.2 111.1 128 111.1C123.8 111.1 119.7 113.7 116.7 116.7L116.7 116.7z\"><\/path><\/svg><\/span><span class=\"uagb-icon-list__label\">Cozinha Compartilhada<\/span><\/div>\n\n\n\n<div class=\"wp-block-uagb-icon-list-child uagb-block-5319f0ec\"><span class=\"uagb-icon-list__source-wrap\"><svg xmlns=\"https:\/\/www.w3.org\/2000\/svg\" viewBox=\"0 0 320 512\"><path d=\"M320 144C320 223.5 255.5 288 176 288C96.47 288 32 223.5 32 144C32 64.47 96.47 0 176 0C255.5 0 320 64.47 320 144zM192 64C192 55.16 184.8 48 176 48C122.1 48 80 90.98 80 144C80 152.8 87.16 160 96 160C104.8 160 112 152.8 112 144C112 108.7 140.7 80 176 80C184.8 80 192 72.84 192 64zM144 480V317.1C154.4 319 165.1 319.1 176 319.1C186.9 319.1 197.6 319 208 317.1V480C208 497.7 193.7 512 176 512C158.3 512 144 497.7 144 480z\"><\/path><\/svg><\/span><span class=\"uagb-icon-list__label\">R\u00faa 2850, 453<\/span><\/div>\n<\/div><\/div>\n<\/div><\/div>\n\n\n\n<div class=\"wp-block-uagb-buttons uagb-buttons__outer-wrap uagb-btn__large-btn uagb-btn-tablet__default-btn uagb-btn-mobile__default-btn uagb-block-91e71b83\"><div class=\"uagb-buttons__wrap uagb-buttons-layout-wrap\">\n<div class=\"wp-block-uagb-buttons-child uagb-buttons__outer-wrap uagb-block-099392c4 wp-block-button\"><div class=\"uagb-button__wrapper\"><a class=\"uagb-buttons-repeater wp-block-button__link has-background has-text-color\" href=\"\/\/wa.me\/message\/6HMESL2CMNOFB1\" onclick=\"return true;\" rel=\"follow noopener\" target=\"_blank\"><div class=\"uagb-button__link\">reserva j\u00e1<\/div><\/a><\/div><\/div>\n<\/div><\/div>\n","protected":false},"excerpt":{"rendered":"","protected":false},"author":1,"featured_media":0,"parent":0,"menu_order":0,"comment_status":"closed","ping_status":"closed","template":"","meta":{"om_disable_all_campaigns":false,"_monsterinsights_skip_tracking":false,"_monsterinsights_sitenote_active":false,"_monsterinsights_sitenote_note":"","_monsterinsights_sitenote_category":0,"site-sidebar-layout":"default","site-content-layout":"","ast-site-content-layout":"","site-content-style":"default","site-sidebar-style":"default","ast-global-header-display":"","ast-banner-title-visibility":"","ast-main-header-display":"","ast-hfb-above-header-display":"","ast-hfb-below-header-display":"","ast-hfb-mobile-header-display":"","site-post-title":"disabled","ast-breadcrumbs-content":"","ast-featured-img":"","footer-sml-layout":"","theme-transparent-header-meta":"","adv-header-id-meta":"","stick-header-meta":"","header-above-stick-meta":"","header-main-stick-meta":"","header-below-stick-meta":"","astra-migrate-meta-layouts":"default","ast-page-background-enabled":"default","ast-page-background-meta":{"desktop":{"background-color":"","background-image":"","background-repeat":"repeat","background-position":"center center","background-size":"auto","background-attachment":"scroll","background-type":"","background-media":"","overlay-type":"","overlay-color":"","overlay-opacity":"","overlay-gradient":""},"tablet":{"background-color":"","background-image":"","background-repeat":"repeat","background-position":"center center","background-size":"auto","background-attachment":"scroll","background-type":"","background-media":"","overlay-type":"","overlay-color":"","overlay-opacity":"","overlay-gradient":""},"mobile":{"background-color":"","background-image":"","background-repeat":"repeat","background-position":"center center","background-size":"auto","background-attachment":"scroll","background-type":"","background-media":"","overlay-type":"","overlay-color":"","overlay-opacity":"","overlay-gradient":""}},"ast-content-background-meta":{"desktop":{"background-color":"var(--ast-global-color-5)","background-image":"","background-repeat":"repeat","background-position":"center center","background-size":"auto","background-attachment":"scroll","background-type":"","background-media":"","overlay-type":"","overlay-color":"","overlay-opacity":"","overlay-gradient":""},"tablet":{"background-color":"var(--ast-global-color-5)","background-image":"","background-repeat":"repeat","background-position":"center center","background-size":"auto","background-attachment":"scroll","background-type":"","background-media":"","overlay-type":"","overlay-color":"","overlay-opacity":"","overlay-gradient":""},"mobile":{"background-color":"var(--ast-global-color-5)","background-image":"","background-repeat":"repeat","background-position":"center center","background-size":"auto","background-attachment":"scroll","background-type":"","background-media":"","overlay-type":"","overlay-color":"","overlay-opacity":"","overlay-gradient":""}},"footnotes":""},"class_list":["post-1373","page","type-page","status-publish","hentry"],"aioseo_notices":[],"_links":{"self":[{"href":"https:\/\/bcparadiseh.com\/index.php\/wp-json\/wp\/v2\/pages\/1373","targetHints":{"allow":["GET"]}}],"collection":[{"href":"https:\/\/bcparadiseh.com\/index.php\/wp-json\/wp\/v2\/pages"}],"about":[{"href":"https:\/\/bcparadiseh.com\/index.php\/wp-json\/wp\/v2\/types\/page"}],"author":[{"embeddable":true,"href":"https:\/\/bcparadiseh.com\/index.php\/wp-json\/wp\/v2\/users\/1"}],"replies":[{"embeddable":true,"href":"https:\/\/bcparadiseh.com\/index.php\/wp-json\/wp\/v2\/comments?post=1373"}],"version-history":[{"count":7,"href":"https:\/\/bcparadiseh.com\/index.php\/wp-json\/wp\/v2\/pages\/1373\/revisions"}],"predecessor-version":[{"id":1671,"href":"https:\/\/bcparadiseh.com\/index.php\/wp-json\/wp\/v2\/pages\/1373\/revisions\/1671"}],"wp:attachment":[{"href":"https:\/\/bcparadiseh.com\/index.php\/wp-json\/wp\/v2\/media?parent=1373"}],"curies":[{"name":"wp","href":"https:\/\/api.w.org\/{rel}","templated":true}]}}